{"id":25090,"date":"2025-06-05T13:28:28","date_gmt":"2025-06-05T13:28:28","guid":{"rendered":"https:\/\/moonbeamparadise.com\/?product=stacy-adams-mens-neville-moc-toe-slip-on-penny-loafer"},"modified":"2025-06-05T13:28:28","modified_gmt":"2025-06-05T13:28:28","slug":"stacy-adams-mens-neville-moc-toe-slip-on-penny-loafer","status":"publish","type":"product","link":"https:\/\/moonbeamparadise.com\/?product=stacy-adams-mens-neville-moc-toe-slip-on-penny-loafer","title":{"rendered":"STACY ADAMS Men&#8217;s Neville Moc-Toe Slip-on Penny Loafer"},"content":{"rendered":"<p><br \/>\nPrice: <span style=\"color:#b12704\">\u00a364.03<\/span><br \/><i><small>(as of Jun 05, 2025 13:28:28 UTC &#8211; <span class=\"wp_automatic_amazon_disclaimer\" title=\"Product prices and availability are accurate as of the date\/time indicated and are subject to change. Any price and availability information displayed on [relevant Amazon Site(s), as applicable] at the time of purchase will apply to the purchase of this product.\">Details<\/span>)<\/small><\/i><\/p>\n<p><a href=\"https:\/\/amazon.co.uk\/dp\/B07D4YRWNJ?tag=mywebsi083d59-21\"><img decoding=\"async\" src=\"https:\/\/valvepress.s3.amazonaws.com\/imgs\/buy_now.png\"><\/a><br \/>\n<br \/>\n <span>Featuring a classic silhouette, the Stacy Adams neville is a comfortable, versatile shoe available in a variety of trendy colors. This moc toe bit slip-on will enhance any wardrobe.<\/p>\n<p>Con una silueta cl\u00e1sica, el Stacy Adams Neville es un zapato c\u00f3modo y vers\u00e1til disponible en una variedad de colores modernos. Esta punta de moc sin cordones mejorar\u00e1 cualquier armario.<\/p>\n<p>\u05e2\u05dd \u05e6\u05dc\u05dc\u05d9\u05ea \u05e7\u05dc\u05d0\u05e1\u05d9\u05ea, \u05e1\u05d8\u05d9\u05d9\u05e1\u05d9 \u05d0\u05d3\u05de\u05e1 \u05e0\u05d5\u05d5\u05d9\u05dc \u05d4\u05d9\u05d0 \u05e0\u05e2\u05dc \u05e0\u05d5\u05d7\u05d4 \u05d5\u05e8\u05d1-\u05ea\u05db\u05dc\u05d9\u05ea\u05d9\u05ea \u05d4\u05d6\u05de\u05d9\u05e0\u05d4 \u05d1\u05de\u05d2\u05d5\u05d5\u05df \u05e6\u05d1\u05e2\u05d9\u05dd \u05d0\u05d5\u05e4\u05e0\u05ea\u05d9\u05d9\u05dd. \u05e0\u05e2\u05dc \u05d4-moc toe bit \u05d6\u05d5 \u05ea\u05e9\u05e4\u05e8 \u05db\u05dc \u05de\u05dc\u05ea\u05d7\u05d4.<\/p>\n<p>Mit einer klassischen Silhouette ist der Stacy Adams Neville ein bequemer, vielseitiger Schuh in einer Vielzahl von trendigen Farben. Dieser Moc Toe Bit Slipper wird jede Garderobe bereichern.<\/p>\n<p>\u064a\u062a\u0645\u064a\u0632 \u0628\u062a\u0635\u0645\u064a\u0645 \u0643\u0644\u0627\u0633\u064a\u0643\u064a \u0645\u0646 \u0633\u062a\u0627\u064a\u0633\u064a \u0622\u062f\u0645\u0632 \u0646\u064a\u0641\u064a\u0644 \u0647\u0648 \u062d\u0630\u0627\u0621 \u0645\u0631\u064a\u062d \u0648\u0645\u062a\u0639\u062f\u062f \u0627\u0644\u0627\u0633\u062a\u062e\u062f\u0627\u0645\u0627\u062a \u0645\u062a\u0648\u0641\u0631 \u0628\u0645\u062c\u0645\u0648\u0639\u0629 \u0645\u062a\u0646\u0648\u0639\u0629 \u0645\u0646 \u0627\u0644\u0623\u0644\u0648\u0627\u0646 \u0627\u0644\u0639\u0635\u0631\u064a\u0629. \u0647\u0630\u0627 \u0627\u0644\u062d\u0630\u0627\u0621 \u0633\u0647\u0644 \u0627\u0644\u0627\u0631\u062a\u062f\u0627\u0621 \u0645\u0646 \u0645\u0648\u0643 \u062a\u0648 \u0633\u064a\u0639\u0632\u0632 \u0623\u064a \u062e\u0632\u0627\u0646\u0629 \u062b\u064a\u0627\u0628.<\/p>\n<p>Com uma silhueta cl\u00e1ssica, o Stacy Adams Neville \u00e9 um sapato confort\u00e1vel e vers\u00e1til dispon\u00edvel em uma variedade de cores modernas. Este mocassim toe bit slip-on ir\u00e1 melhorar qualquer arm\u00e1rio.<\/p>\n<p>Stacy Adams neville \u91c7\u7528\u7ecf\u5178\u5ed3\u5f62,\u662f\u4e00\u6b3e\u8212\u9002\u767e\u642d\u7684\u978b\u5b50,\u6709\u591a\u79cd\u65f6\u5c1a\u989c\u8272\u53ef\u4f9b\u9009\u62e9\u3002 \u8fd9\u6b3e\u83ab\u5361\u8f9b\u978b\u5934\u4e00\u811a\u8e6c\u978b\u5c06\u589e\u5f3a\u4efb\u4f55\u8863\u67dc\u3002<\/p>\n<p>Stacy Adams neville \u63a1\u7528\u7d93\u5178\u526a\u88c1,\u662f\u4e00\u6b3e\u8212\u9069\u3001\u591a\u529f\u80fd\u7684\u978b\u5b50,\u6709\u591a\u7a2e\u984f\u8272\u53ef\u4f9b\u9078\u64c7\u3002 \u9019\u6b3e moc \u978b\u982d\u5957\u5165\u5f0f\u53ef\u589e\u5f37\u4efb\u4f55\u8863\u6ac3\u3002<\/span>  <br \/> Product Dimensions                                    \u200f                                    :                                    \u200e                                    12.7 x 12.7 x 1.78 cm; 436.58 g   <br \/> Date First Available                                    \u200f                                    :                                    \u200e                                    19 Sept. 2023   <br \/> Manufacturer                                    \u200f                                    :                                    \u200e                                    Stacy Adams   <br \/> ASIN                                    \u200f                                    :                                    \u200e                                    B07D4YX962   <br \/> Item model number                                    \u200f                                    :                                    \u200e                                    25224-008   <br \/> Department                                    \u200f                                    :                                    \u200e                                    Men&#8217;s   <\/p>\n\n","protected":false},"excerpt":{"rendered":"<p> Featuring a classic silhouette, the Stacy Adams neville is a comfortable, versatile shoe available in a variety of trendy colors. This moc toe bit slip-on will enhance any wardrobe. Con una silueta cl\u00e1sica, el Stacy Adams Neville es un zapato c\u00f3modo y vers\u00e1til disponible en una variedad de colores modernos. [&hellip;]<\/p>\n","protected":false},"featured_media":25091,"template":"","meta":{"_gspb_post_css":""},"store":[],"product_brand":[],"product_cat":[134],"product_tag":[154],"class_list":{"0":"post-25090","1":"product","2":"type-product","3":"status-publish","4":"has-post-thumbnail","6":"product_cat-mens-loafers-slip-ons","7":"product_tag-mens-loafers-slip-ons","9":"first","10":"instock","11":"shipping-taxable","12":"product-type-external"},"_links":{"self":[{"href":"https:\/\/moonbeamparadise.com\/index.php?rest_route=\/wp\/v2\/product\/25090","targetHints":{"allow":["GET"]}}],"collection":[{"href":"https:\/\/moonbeamparadise.com\/index.php?rest_route=\/wp\/v2\/product"}],"about":[{"href":"https:\/\/moonbeamparadise.com\/index.php?rest_route=\/wp\/v2\/types\/product"}],"wp:featuredmedia":[{"embeddable":true,"href":"https:\/\/moonbeamparadise.com\/index.php?rest_route=\/wp\/v2\/media\/25091"}],"wp:attachment":[{"href":"https:\/\/moonbeamparadise.com\/index.php?rest_route=%2Fwp%2Fv2%2Fmedia&parent=25090"}],"wp:term":[{"taxonomy":"store","embeddable":true,"href":"https:\/\/moonbeamparadise.com\/index.php?rest_route=%2Fwp%2Fv2%2Fstore&post=25090"},{"taxonomy":"product_brand","embeddable":true,"href":"https:\/\/moonbeamparadise.com\/index.php?rest_route=%2Fwp%2Fv2%2Fproduct_brand&post=25090"},{"taxonomy":"product_cat","embeddable":true,"href":"https:\/\/moonbeamparadise.com\/index.php?rest_route=%2Fwp%2Fv2%2Fproduct_cat&post=25090"},{"taxonomy":"product_tag","embeddable":true,"href":"https:\/\/moonbeamparadise.com\/index.php?rest_route=%2Fwp%2Fv2%2Fproduct_tag&post=25090"}],"curies":[{"name":"wp","href":"https:\/\/api.w.org\/{rel}","templated":true}]}}